{"id":3317,"date":"2024-11-15T09:08:34","date_gmt":"2024-11-15T08:08:34","guid":{"rendered":"https:\/\/l-etincelle.fr\/?page_id=3317"},"modified":"2026-01-29T18:56:48","modified_gmt":"2026-01-29T17:56:48","slug":"accueillir-des-confs-ou-jouer-la-votre-a-lille","status":"publish","type":"page","link":"https:\/\/l-etincelle.fr\/index.php\/accueillir-des-confs-ou-jouer-la-votre-a-lille\/","title":{"rendered":"Voir et Accueillir des conferences gesticul\u00e9es"},"content":{"rendered":"<style>.wp-block-kadence-advancedheading.kt-adv-heading3317_8da718-01, .wp-block-kadence-advancedheading.kt-adv-heading3317_8da718-01[data-kb-block=\"kb-adv-heading3317_8da718-01\"]{margin-top:0px;margin-bottom:var(--global-kb-spacing-xs, 1rem);text-align:center;font-size:45px;line-height:1.4;font-weight:700;font-style:normal;font-family:'Amatic SC';background-color:#f1c016;border-top-left-radius:100px;border-top-right-radius:10px;border-bottom-right-radius:100px;border-bottom-left-radius:10px;}.wp-block-kadence-advancedheading.kt-adv-heading3317_8da718-01 mark.kt-highlight, .wp-block-kadence-advancedheading.kt-adv-heading3317_8da718-01[data-kb-block=\"kb-adv-heading3317_8da718-01\"] mark.kt-highlight{font-style:normal;color:#f76a0c;-webkit-box-decoration-break:clone;box-decoration-break:clone;padding-top:0px;padding-right:0px;padding-bottom:0px;padding-left:0px;}.wp-block-kadence-advancedheading.kt-adv-heading3317_8da718-01 img.kb-inline-image, .wp-block-kadence-advancedheading.kt-adv-heading3317_8da718-01[data-kb-block=\"kb-adv-heading3317_8da718-01\"] img.kb-inline-image{width:150px;vertical-align:baseline;}<\/style>\n<h1 class=\"kt-adv-heading3317_8da718-01 wp-block-kadence-advancedheading has-palette-2-color has-text-color\" data-kb-block=\"kb-adv-heading3317_8da718-01\">voir des conf\u00e9rences gesticul\u00e9es<\/h1>\n\n\n\n<div style=\"height:51px\" aria-hidden=\"true\" class=\"wp-block-spacer\"><\/div>\n\n\n<style>.wp-block-kadence-advancedheading.kt-adv-heading3317_ae0524-8e, .wp-block-kadence-advancedheading.kt-adv-heading3317_ae0524-8e[data-kb-block=\"kb-adv-heading3317_ae0524-8e\"]{text-align:center;font-size:15px;line-height:2;font-weight:400;font-style:normal;font-family:Poppins;}.wp-block-kadence-advancedheading.kt-adv-heading3317_ae0524-8e mark.kt-highlight, .wp-block-kadence-advancedheading.kt-adv-heading3317_ae0524-8e[data-kb-block=\"kb-adv-heading3317_ae0524-8e\"] mark.kt-highlight{font-style:normal;color:#f76a0c;-webkit-box-decoration-break:clone;box-decoration-break:clone;padding-top:0px;padding-right:0px;padding-bottom:0px;padding-left:0px;}.wp-block-kadence-advancedheading.kt-adv-heading3317_ae0524-8e img.kb-inline-image, .wp-block-kadence-advancedheading.kt-adv-heading3317_ae0524-8e[data-kb-block=\"kb-adv-heading3317_ae0524-8e\"] img.kb-inline-image{width:150px;vertical-align:baseline;}<\/style>\n<p class=\"kt-adv-heading3317_ae0524-8e wp-block-kadence-advancedheading\" data-kb-block=\"kb-adv-heading3317_ae0524-8e\">Il y a plusieurs fa\u00e7on de suivre la programmation des conf\u00e9rences gesticul\u00e9es : <\/p>\n\n\n<style>.wp-block-kadence-advancedheading.kt-adv-heading3317_17ed7e-ce, .wp-block-kadence-advancedheading.kt-adv-heading3317_17ed7e-ce[data-kb-block=\"kb-adv-heading3317_17ed7e-ce\"]{text-align:left;font-size:15px;line-height:2;font-weight:400;font-style:normal;font-family:Poppins;}.wp-block-kadence-advancedheading.kt-adv-heading3317_17ed7e-ce[data-kb-block=\"kb-adv-heading3317_17ed7e-ce\"]{display:flex;gap:0.25em;justify-content:left;align-items:center;}.wp-block-kadence-advancedheading.kt-adv-heading3317_17ed7e-ce[data-kb-block=\"kb-adv-heading3317_17ed7e-ce\"] .kb-adv-heading-icon svg{width:1em;height:1em;}.wp-block-kadence-advancedheading.kt-adv-heading3317_17ed7e-ce[data-kb-block=\"kb-adv-heading3317_17ed7e-ce\"] .kb-adv-heading-icon{font-size:30px;}.wp-block-kadence-advancedheading.kt-adv-heading3317_17ed7e-ce mark.kt-highlight, .wp-block-kadence-advancedheading.kt-adv-heading3317_17ed7e-ce[data-kb-block=\"kb-adv-heading3317_17ed7e-ce\"] mark.kt-highlight{font-style:normal;color:#f76a0c;-webkit-box-decoration-break:clone;box-decoration-break:clone;padding-top:0px;padding-right:0px;padding-bottom:0px;padding-left:0px;}.wp-block-kadence-advancedheading.kt-adv-heading3317_17ed7e-ce img.kb-inline-image, .wp-block-kadence-advancedheading.kt-adv-heading3317_17ed7e-ce[data-kb-block=\"kb-adv-heading3317_17ed7e-ce\"] img.kb-inline-image{width:150px;vertical-align:baseline;}.wp-block-kadence-advancedheading.kt-adv-heading3317_17ed7e-ce[data-kb-block=\"kb-adv-heading3317_17ed7e-ce\"] a, .kt-adv-heading-link3317_17ed7e-ce, .kt-adv-heading-link3317_17ed7e-ce .kt-adv-heading3317_17ed7e-ce[data-kb-block=\"kb-adv-heading3317_17ed7e-ce\"]{color:#030507;}<\/style><a class=\"kb-advanced-heading-link kt-adv-heading-link3317_17ed7e-ce\" href=\"https:\/\/www.instagram.com\/artisanesdeletincelle\/\"><p class=\"kt-adv-heading3317_17ed7e-ce wp-block-kadence-advancedheading kt-adv-heading-has-icon\" data-kb-block=\"kb-adv-heading3317_17ed7e-ce\"><span class=\"kb-svg-icon-wrap kb-adv-heading-icon kb-svg-icon-fe_instagram kb-adv-heading-icon-side-left\"><svg viewBox=\"0 0 24 24\"  fill=\"none\" stroke=\"currentColor\" stroke-width=\"2\" stroke-linecap=\"round\" stroke-linejoin=\"round\" xmlns=\"http:\/\/www.w3.org\/2000\/svg\"  aria-hidden=\"true\"><rect x=\"2\" y=\"2\" width=\"20\" height=\"20\" rx=\"5\" ry=\"5\"\/><path d=\"M16 11.37A4 4 0 1 1 12.63 8 4 4 0 0 1 16 11.37z\"\/><line x1=\"17.5\" y1=\"6.5\" x2=\"17.5\" y2=\"6.5\"\/><\/svg><\/span><span class=\"kb-adv-text-inner\"><a href=\"https:\/\/www.instagram.com\/artisanesdeletincelle\/\" target=\"_blank\" rel=\"noreferrer noopener\">Sur notre page instagram (programmation locale\/r\u00e9gionale)<\/a><\/span><\/p><\/a>\n\n<style>.wp-block-kadence-advancedheading.kt-adv-heading3317_d9393d-63, .wp-block-kadence-advancedheading.kt-adv-heading3317_d9393d-63[data-kb-block=\"kb-adv-heading3317_d9393d-63\"]{text-align:left;font-size:15px;line-height:2;font-weight:400;font-style:normal;font-family:Poppins;}.wp-block-kadence-advancedheading.kt-adv-heading3317_d9393d-63[data-kb-block=\"kb-adv-heading3317_d9393d-63\"]{display:flex;gap:0.25em;justify-content:left;align-items:center;}.wp-block-kadence-advancedheading.kt-adv-heading3317_d9393d-63[data-kb-block=\"kb-adv-heading3317_d9393d-63\"] .kb-adv-heading-icon svg{width:1em;height:1em;}.wp-block-kadence-advancedheading.kt-adv-heading3317_d9393d-63[data-kb-block=\"kb-adv-heading3317_d9393d-63\"] .kb-adv-heading-icon{font-size:30px;}.wp-block-kadence-advancedheading.kt-adv-heading3317_d9393d-63 mark.kt-highlight, .wp-block-kadence-advancedheading.kt-adv-heading3317_d9393d-63[data-kb-block=\"kb-adv-heading3317_d9393d-63\"] mark.kt-highlight{font-style:normal;color:#f76a0c;-webkit-box-decoration-break:clone;box-decoration-break:clone;padding-top:0px;padding-right:0px;padding-bottom:0px;padding-left:0px;}.wp-block-kadence-advancedheading.kt-adv-heading3317_d9393d-63 img.kb-inline-image, .wp-block-kadence-advancedheading.kt-adv-heading3317_d9393d-63[data-kb-block=\"kb-adv-heading3317_d9393d-63\"] img.kb-inline-image{width:150px;vertical-align:baseline;}.wp-block-kadence-advancedheading.kt-adv-heading3317_d9393d-63[data-kb-block=\"kb-adv-heading3317_d9393d-63\"] a, .kt-adv-heading-link3317_d9393d-63, .kt-adv-heading-link3317_d9393d-63 .kt-adv-heading3317_d9393d-63[data-kb-block=\"kb-adv-heading3317_d9393d-63\"]{color:#030507;}<\/style><a class=\"kb-advanced-heading-link kt-adv-heading-link3317_d9393d-63\" href=\"https:\/\/www.instagram.com\/artisanesdeletincelle\/\"><p class=\"kt-adv-heading3317_d9393d-63 wp-block-kadence-advancedheading kt-adv-heading-has-icon\" data-kb-block=\"kb-adv-heading3317_d9393d-63\"><span class=\"kb-svg-icon-wrap kb-adv-heading-icon kb-svg-icon-fe_facebook kb-adv-heading-icon-side-left\"><svg viewBox=\"0 0 24 24\"  fill=\"none\" stroke=\"currentColor\" stroke-width=\"2\" stroke-linecap=\"round\" stroke-linejoin=\"round\" xmlns=\"http:\/\/www.w3.org\/2000\/svg\"  aria-hidden=\"true\"><path d=\"M18 2h-3a5 5 0 0 0-5 5v3H7v4h3v8h4v-8h3l1-4h-4V7a1 1 0 0 1 1-1h3z\"\/><\/svg><\/span><span class=\"kb-adv-text-inner\"><a href=\"https:\/\/www.facebook.com\/profile.php?id=61565109417638\" target=\"_blank\" rel=\"noreferrer noopener\">Sur notre page facebook (programmation locale\/r\u00e9gionale)<\/a><\/span><\/p><\/a>\n\n<style>.wp-block-kadence-advancedheading.kt-adv-heading3317_7d3acf-19, .wp-block-kadence-advancedheading.kt-adv-heading3317_7d3acf-19[data-kb-block=\"kb-adv-heading3317_7d3acf-19\"]{text-align:left;font-size:15px;line-height:2;font-weight:400;font-style:normal;font-family:Poppins;}.wp-block-kadence-advancedheading.kt-adv-heading3317_7d3acf-19[data-kb-block=\"kb-adv-heading3317_7d3acf-19\"]{display:flex;gap:0.25em;justify-content:left;align-items:center;}.wp-block-kadence-advancedheading.kt-adv-heading3317_7d3acf-19[data-kb-block=\"kb-adv-heading3317_7d3acf-19\"] .kb-adv-heading-icon svg{width:1em;height:1em;}.wp-block-kadence-advancedheading.kt-adv-heading3317_7d3acf-19[data-kb-block=\"kb-adv-heading3317_7d3acf-19\"] .kb-adv-heading-icon{font-size:30px;}.wp-block-kadence-advancedheading.kt-adv-heading3317_7d3acf-19 mark.kt-highlight, .wp-block-kadence-advancedheading.kt-adv-heading3317_7d3acf-19[data-kb-block=\"kb-adv-heading3317_7d3acf-19\"] mark.kt-highlight{font-style:normal;color:#f76a0c;-webkit-box-decoration-break:clone;box-decoration-break:clone;padding-top:0px;padding-right:0px;padding-bottom:0px;padding-left:0px;}.wp-block-kadence-advancedheading.kt-adv-heading3317_7d3acf-19 img.kb-inline-image, .wp-block-kadence-advancedheading.kt-adv-heading3317_7d3acf-19[data-kb-block=\"kb-adv-heading3317_7d3acf-19\"] img.kb-inline-image{width:150px;vertical-align:baseline;}.wp-block-kadence-advancedheading.kt-adv-heading3317_7d3acf-19[data-kb-block=\"kb-adv-heading3317_7d3acf-19\"] a, .kt-adv-heading-link3317_7d3acf-19, .kt-adv-heading-link3317_7d3acf-19 .kt-adv-heading3317_7d3acf-19[data-kb-block=\"kb-adv-heading3317_7d3acf-19\"]{color:#030507;}<\/style><a class=\"kb-advanced-heading-link kt-adv-heading-link3317_7d3acf-19\" href=\"https:\/\/www.instagram.com\/artisanesdeletincelle\/\"><p class=\"kt-adv-heading3317_7d3acf-19 wp-block-kadence-advancedheading kt-adv-heading-has-icon\" data-kb-block=\"kb-adv-heading3317_7d3acf-19\"><span class=\"kb-svg-icon-wrap kb-adv-heading-icon kb-svg-icon-fas_hand-pointer kb-adv-heading-icon-side-left\"><svg viewBox=\"0 0 448 512\"  fill=\"currentColor\" xmlns=\"http:\/\/www.w3.org\/2000\/svg\"  aria-hidden=\"true\"><path d=\"M448 240v96c0 3.084-.356 6.159-1.063 9.162l-32 136C410.686 499.23 394.562 512 376 512H168a40.004 40.004 0 0 1-32.35-16.473l-127.997-176c-12.993-17.866-9.043-42.883 8.822-55.876 17.867-12.994 42.884-9.043 55.877 8.823L104 315.992V40c0-22.091 17.908-40 40-40s40 17.909 40 40v200h8v-40c0-22.091 17.908-40 40-40s40 17.909 40 40v40h8v-24c0-22.091 17.908-40 40-40s40 17.909 40 40v24h8c0-22.091 17.908-40 40-40s40 17.909 40 40zm-256 80h-8v96h8v-96zm88 0h-8v96h8v-96zm88 0h-8v96h8v-96z\"\/><\/svg><\/span><span class=\"kb-adv-text-inner\"><a href=\"https:\/\/conferences-gesticulees.net\/\" target=\"_blank\" rel=\"noreferrer noopener\">Sur le site conferences-gesticulees.net (programmation nationale)<\/a><\/span><\/p><\/a>\n\n\n<div style=\"height:50px\" aria-hidden=\"true\" class=\"wp-block-spacer\"><\/div>\n\n\n<style>.wp-block-kadence-advancedheading.kt-adv-heading3317_8e9272-1a, .wp-block-kadence-advancedheading.kt-adv-heading3317_8e9272-1a[data-kb-block=\"kb-adv-heading3317_8e9272-1a\"]{text-align:center;font-size:15px;line-height:2;font-weight:400;font-style:normal;font-family:Poppins;}.wp-block-kadence-advancedheading.kt-adv-heading3317_8e9272-1a mark.kt-highlight, .wp-block-kadence-advancedheading.kt-adv-heading3317_8e9272-1a[data-kb-block=\"kb-adv-heading3317_8e9272-1a\"] mark.kt-highlight{font-style:normal;color:#f76a0c;-webkit-box-decoration-break:clone;box-decoration-break:clone;padding-top:0px;padding-right:0px;padding-bottom:0px;padding-left:0px;}.wp-block-kadence-advancedheading.kt-adv-heading3317_8e9272-1a img.kb-inline-image, .wp-block-kadence-advancedheading.kt-adv-heading3317_8e9272-1a[data-kb-block=\"kb-adv-heading3317_8e9272-1a\"] img.kb-inline-image{width:150px;vertical-align:baseline;}<\/style>\n<p class=\"kt-adv-heading3317_8e9272-1a wp-block-kadence-advancedheading\" data-kb-block=\"kb-adv-heading3317_8e9272-1a\">Et on l&rsquo;esp\u00e8re bient\u00f4t sur ce site !<\/p>\n\n\n\n<div style=\"height:100px\" aria-hidden=\"true\" class=\"wp-block-spacer\"><\/div>\n\n\n<style>.wp-block-kadence-advancedheading.kt-adv-heading3317_e3ccdc-34, .wp-block-kadence-advancedheading.kt-adv-heading3317_e3ccdc-34[data-kb-block=\"kb-adv-heading3317_e3ccdc-34\"]{margin-top:0px;margin-bottom:var(--global-kb-spacing-xs, 1rem);text-align:center;font-size:45px;line-height:1.4;font-weight:700;font-style:normal;font-family:'Amatic SC';background-color:#f1c016;border-top-left-radius:100px;border-top-right-radius:10px;border-bottom-right-radius:100px;border-bottom-left-radius:10px;}.wp-block-kadence-advancedheading.kt-adv-heading3317_e3ccdc-34 mark.kt-highlight, .wp-block-kadence-advancedheading.kt-adv-heading3317_e3ccdc-34[data-kb-block=\"kb-adv-heading3317_e3ccdc-34\"] mark.kt-highlight{font-style:normal;color:#f76a0c;-webkit-box-decoration-break:clone;box-decoration-break:clone;padding-top:0px;padding-right:0px;padding-bottom:0px;padding-left:0px;}.wp-block-kadence-advancedheading.kt-adv-heading3317_e3ccdc-34 img.kb-inline-image, .wp-block-kadence-advancedheading.kt-adv-heading3317_e3ccdc-34[data-kb-block=\"kb-adv-heading3317_e3ccdc-34\"] img.kb-inline-image{width:150px;vertical-align:baseline;}<\/style>\n<h1 class=\"kt-adv-heading3317_e3ccdc-34 wp-block-kadence-advancedheading has-palette-2-color has-text-color\" data-kb-block=\"kb-adv-heading3317_e3ccdc-34\">Accueillir les conf\u00e9rences des artisan\u00b7es<\/h1>\n\n\n\n<div style=\"height:100px\" aria-hidden=\"true\" class=\"wp-block-spacer\"><\/div>\n\n\n<style>.wp-block-kadence-advancedheading.kt-adv-heading3317_e3ccdc-34, .wp-block-kadence-advancedheading.kt-adv-heading3317_e3ccdc-34[data-kb-block=\"kb-adv-heading3317_e3ccdc-34\"]{text-align:center;font-size:15px;line-height:2;font-weight:400;font-style:normal;font-family:Poppins;}.wp-block-kadence-advancedheading.kt-adv-heading3317_e3ccdc-34 mark.kt-highlight, .wp-block-kadence-advancedheading.kt-adv-heading3317_e3ccdc-34[data-kb-block=\"kb-adv-heading3317_e3ccdc-34\"] mark.kt-highlight{font-style:normal;color:#f76a0c;-webkit-box-decoration-break:clone;box-decoration-break:clone;padding-top:0px;padding-right:0px;padding-bottom:0px;padding-left:0px;}.wp-block-kadence-advancedheading.kt-adv-heading3317_e3ccdc-34 img.kb-inline-image, .wp-block-kadence-advancedheading.kt-adv-heading3317_e3ccdc-34[data-kb-block=\"kb-adv-heading3317_e3ccdc-34\"] img.kb-inline-image{width:150px;vertical-align:baseline;}<\/style>\n<p class=\"kt-adv-heading3317_e3ccdc-34 wp-block-kadence-advancedheading\" data-kb-block=\"kb-adv-heading3317_e3ccdc-34\">[Page en cours de cr\u00e9ation ! A bient\u00f4t ! ]<\/p>\n\n\n\n<p><\/p>\n","protected":false},"excerpt":{"rendered":"<div class=\"entry-summary\">\nvoir des conf\u00e9rences gesticul\u00e9es Il y a plusieurs fa\u00e7on de suivre la programmation des conf\u00e9rences gesticul\u00e9es : Sur notre page instagram (programmation locale\/r\u00e9gionale) Sur notre page facebook (programmation locale\/r\u00e9gionale) Sur le site&hellip;\n<\/div>\n<div class=\"link-more-container\"><a href=\"https:\/\/l-etincelle.fr\/index.php\/accueillir-des-confs-ou-jouer-la-votre-a-lille\/\" class=\"link-more\" aria-label=\"Continue reading Voir et Accueillir des conferences gesticul\u00e9es\">Continue reading&hellip;<\/a><\/div>\n","protected":false},"author":15,"featured_media":0,"parent":0,"menu_order":0,"comment_status":"closed","ping_status":"closed","template":"","meta":{"footnotes":""},"class_list":["post-3317","page","type-page","status-publish","hentry","entry","entry-type-page"],"_links":{"self":[{"href":"https:\/\/l-etincelle.fr\/index.php\/wp-json\/wp\/v2\/pages\/3317","targetHints":{"allow":["GET"]}}],"collection":[{"href":"https:\/\/l-etincelle.fr\/index.php\/wp-json\/wp\/v2\/pages"}],"about":[{"href":"https:\/\/l-etincelle.fr\/index.php\/wp-json\/wp\/v2\/types\/page"}],"author":[{"embeddable":true,"href":"https:\/\/l-etincelle.fr\/index.php\/wp-json\/wp\/v2\/users\/15"}],"replies":[{"embeddable":true,"href":"https:\/\/l-etincelle.fr\/index.php\/wp-json\/wp\/v2\/comments?post=3317"}],"version-history":[{"count":6,"href":"https:\/\/l-etincelle.fr\/index.php\/wp-json\/wp\/v2\/pages\/3317\/revisions"}],"predecessor-version":[{"id":5303,"href":"https:\/\/l-etincelle.fr\/index.php\/wp-json\/wp\/v2\/pages\/3317\/revisions\/5303"}],"wp:attachment":[{"href":"https:\/\/l-etincelle.fr\/index.php\/wp-json\/wp\/v2\/media?parent=3317"}],"curies":[{"name":"wp","href":"https:\/\/api.w.org\/{rel}","templated":true}]}}