{"id":3852,"date":"2025-07-22T15:26:05","date_gmt":"2025-07-22T13:26:05","guid":{"rendered":"https:\/\/l-etincelle.fr\/?page_id=3852"},"modified":"2026-01-29T18:32:11","modified_gmt":"2026-01-29T17:32:11","slug":"les-artisan%c2%b7es-de-letincelle","status":"publish","type":"page","link":"https:\/\/l-etincelle.fr\/index.php\/les-artisan%c2%b7es-de-letincelle\/","title":{"rendered":"Les Artisan\u00b7es de l&rsquo;Etincelle"},"content":{"rendered":"<style>.kb-image3852_799717-74 .kb-image-has-overlay:after{opacity:0.85;border-top-left-radius:20px;border-top-right-radius:20px;border-bottom-right-radius:20px;border-bottom-left-radius:20px;}.kb-image3852_799717-74 img.kb-img, .kb-image3852_799717-74 .kb-img img{border-top-color:rgba(145,216,236,0.02);border-top-style:dotted;border-right-color:rgba(145,216,236,0.02);border-right-style:dotted;border-bottom-color:rgba(145,216,236,0.02);border-bottom-style:dotted;border-left-color:rgba(145,216,236,0.02);border-left-style:dotted;background-color:rgba(255,255,255,0.06);border-top-left-radius:20px;border-top-right-radius:20px;border-bottom-right-radius:20px;border-bottom-left-radius:20px;}@media all and (max-width: 1024px){.kb-image3852_799717-74 img.kb-img, .kb-image3852_799717-74 .kb-img img{border-top-color:rgba(145,216,236,0.02);border-top-style:dotted;border-right-color:rgba(145,216,236,0.02);border-right-style:dotted;border-bottom-color:rgba(145,216,236,0.02);border-bottom-style:dotted;border-left-color:rgba(145,216,236,0.02);border-left-style:dotted;}}@media all and (max-width: 767px){.kb-image3852_799717-74 img.kb-img, .kb-image3852_799717-74 .kb-img img{border-top-color:rgba(145,216,236,0.02);border-top-style:dotted;border-right-color:rgba(145,216,236,0.02);border-right-style:dotted;border-bottom-color:rgba(145,216,236,0.02);border-bottom-style:dotted;border-left-color:rgba(145,216,236,0.02);border-left-style:dotted;}}<\/style>\n<figure class=\"wp-block-kadence-image kb-image3852_799717-74 size-large\"><img loading=\"lazy\" decoding=\"async\" width=\"1024\" height=\"576\" src=\"https:\/\/l-etincelle.fr\/wp-content\/uploads\/2025\/07\/Logo-artisan\u00b7es-Florence-1024x576.png\" alt=\"\" class=\"kb-img wp-image-3854\" srcset=\"https:\/\/l-etincelle.fr\/wp-content\/uploads\/2025\/07\/Logo-artisan\u00b7es-Florence-1024x576.png 1024w, https:\/\/l-etincelle.fr\/wp-content\/uploads\/2025\/07\/Logo-artisan\u00b7es-Florence-300x169.png 300w, https:\/\/l-etincelle.fr\/wp-content\/uploads\/2025\/07\/Logo-artisan\u00b7es-Florence-768x432.png 768w, https:\/\/l-etincelle.fr\/wp-content\/uploads\/2025\/07\/Logo-artisan\u00b7es-Florence-1536x864.png 1536w, https:\/\/l-etincelle.fr\/wp-content\/uploads\/2025\/07\/Logo-artisan\u00b7es-Florence-2048x1152.png 2048w\" sizes=\"auto, (max-width: 1024px) 100vw, 1024px\" \/><\/figure>\n\n\n<style>.wp-block-kadence-advancedheading.kt-adv-heading3852_585640-a6, .wp-block-kadence-advancedheading.kt-adv-heading3852_585640-a6[data-kb-block=\"kb-adv-heading3852_585640-a6\"]{text-align:left;font-size:15px;line-height:2;font-weight:400;font-style:normal;font-family:Poppins;}.wp-block-kadence-advancedheading.kt-adv-heading3852_585640-a6 mark.kt-highlight, .wp-block-kadence-advancedheading.kt-adv-heading3852_585640-a6[data-kb-block=\"kb-adv-heading3852_585640-a6\"] mark.kt-highlight{font-style:normal;color:#f76a0c;-webkit-box-decoration-break:clone;box-decoration-break:clone;padding-top:0px;padding-right:0px;padding-bottom:0px;padding-left:0px;}.wp-block-kadence-advancedheading.kt-adv-heading3852_585640-a6 img.kb-inline-image, .wp-block-kadence-advancedheading.kt-adv-heading3852_585640-a6[data-kb-block=\"kb-adv-heading3852_585640-a6\"] img.kb-inline-image{width:150px;vertical-align:baseline;}<\/style>\n<h2 class=\"kt-adv-heading3852_585640-a6 wp-block-kadence-advancedheading\" data-kb-block=\"kb-adv-heading3852_585640-a6\"><strong>Les Artisan\u00b7es de l\u2019Etincelle<\/strong>, c\u2019est une compagnie de spectacle vivant qui produit et diffuse des conf\u00e9rences gesticul\u00e9es.<br>Et c\u2019est aussi un collectif d\u2019\u00e9ducation populaire politique qui bouillonne d\u2019envies, de propositions d\u2019ateliers, d\u2019activit\u00e9s, d\u2019actions : en se servant d\u2019outils d\u2019\u00e9duc pop, du th\u00e9\u00e2tre de l\u2019opprim\u00e9, de la sociologie, mais aussi de pratiques artistiques et corporelles, th\u00e9\u00e2tre, \u00e9criture, clown, etc\u2026<br>L\u2019id\u00e9e, c\u2019est d\u2019aller travailler avec les personnes et \u00e0 partir de leurs situations v\u00e9cues, pour s\u2019exprimer, partager, confronter les id\u00e9es et croiser les regards, progresser et se d\u00e9velopper afin d\u2019imaginer d\u2019autres pistes pour r\u00e9pondre \u00e0 la complexit\u00e9 des enjeux syst\u00e9miques du monde.<\/h2>\n\n\n\n<div style=\"height:46px\" aria-hidden=\"true\" class=\"wp-block-spacer\"><\/div>\n\n\n<style>.kb-row-layout-wrap.wp-block-kadence-rowlayout.kb-row-layout-id3852_ec44d6-f4{margin-top:0px;margin-bottom:0px;}.kb-row-layout-id3852_ec44d6-f4 > .kt-row-column-wrap{align-content:start;}:where(.kb-row-layout-id3852_ec44d6-f4 > .kt-row-column-wrap) > .wp-block-kadence-column{justify-content:start;}.kb-row-layout-id3852_ec44d6-f4 > .kt-row-column-wrap{column-gap:var(--global-kb-gap-sm, 1rem);row-gap:var(--global-kb-gap-sm, 1rem);max-width:489vw;margin-left:auto;margin-right:auto;padding-top:0px;padding-right:0px;padding-bottom:0px;padding-left:0px;}.kb-row-layout-id3852_ec44d6-f4 > .kt-row-column-wrap > div:not(.added-for-specificity){grid-column:initial;}.kb-row-layout-id3852_ec44d6-f4 > .kt-row-column-wrap{grid-template-columns:repeat(3, minmax(0, 1fr));}.kb-row-layout-id3852_ec44d6-f4 > .kt-row-layout-overlay{opacity:0.00;}@media all and (max-width: 1024px){.kb-row-layout-id3852_ec44d6-f4 > .kt-row-column-wrap{padding-top:var(--global-kb-spacing-sm, 1.5rem);padding-right:var(--global-kb-spacing-sm, 1.5rem);padding-bottom:var(--global-kb-spacing-sm, 1.5rem);padding-left:var(--global-kb-spacing-sm, 1.5rem);min-height:0px;grid-template-columns:repeat(3, minmax(0, 1fr));}}@media all and (max-width: 1024px){.kb-row-layout-id3852_ec44d6-f4 > .kt-row-column-wrap > div:not(.added-for-specificity){grid-column:initial;}}@media all and (max-width: 767px){.kb-row-layout-id3852_ec44d6-f4 > .kt-row-column-wrap{padding-right:0px;padding-left:0px;grid-template-columns:minmax(0, 1fr);}.kb-row-layout-id3852_ec44d6-f4 > .kt-row-column-wrap > div:not(.added-for-specificity){grid-column:initial;}}.kb-row-layout-id3852_ec44d6-f4 {}<\/style><div class=\"kb-row-layout-wrap kb-row-layout-id3852_ec44d6-f4 alignnone wp-block-kadence-rowlayout\" id=\"menuartisanes\"><div class=\"kt-row-column-wrap kt-has-3-columns kt-row-layout-equal kt-tab-layout-inherit kt-mobile-layout-row kt-row-valign-top kt-inner-column-height-full\">\n<style>.kadence-column3852_088749-6c > .kt-inside-inner-col{display:flex;}.kadence-column3852_088749-6c, .wp-block-kadence-column.kb-section-dir-horizontal > .kt-inside-inner-col > .kadence-column3852_088749-6c{flex-grow:15;}.kadence-column3852_088749-6c > .kt-inside-inner-col{height:100%;}.kadence-column3852_088749-6c > .kt-inside-inner-col{padding-top:var(--global-kb-spacing-md, 2rem);padding-right:var(--global-kb-spacing-md, 2rem);padding-bottom:var(--global-kb-spacing-md, 2rem);padding-left:var(--global-kb-spacing-md, 2rem);}.kadence-column3852_088749-6c > .kt-inside-inner-col{min-height:15px;}.kadence-column3852_088749-6c > .kt-inside-inner-col,.kadence-column3852_088749-6c > .kt-inside-inner-col:before{border-top-left-radius:20px;border-top-right-radius:20px;border-bottom-right-radius:20px;border-bottom-left-radius:20px;}.kadence-column3852_088749-6c > .kt-inside-inner-col{column-gap:var(--global-kb-gap-sm, 1rem);}.kadence-column3852_088749-6c > .kt-inside-inner-col{flex-direction:column;justify-content:center;align-items:center;}.kadence-column3852_088749-6c > .kt-inside-inner-col > .kb-image-is-ratio-size{align-self:stretch;}.kadence-column3852_088749-6c > .kt-inside-inner-col > .wp-block-kadence-advancedgallery{align-self:stretch;}.kadence-column3852_088749-6c > .kt-inside-inner-col > .aligncenter{width:100%;}.kt-row-column-wrap > .kadence-column3852_088749-6c{align-self:center;}.kt-inner-column-height-full:not(.kt-has-1-columns) > .wp-block-kadence-column.kadence-column3852_088749-6c{align-self:auto;}.kt-inner-column-height-full:not(.kt-has-1-columns) > .wp-block-kadence-column.kadence-column3852_088749-6c > .kt-inside-inner-col{flex-direction:column;justify-content:center;}.kadence-column3852_088749-6c > .kt-inside-inner-col{background-color:#f1c016;}.kadence-column3852_088749-6c:hover > .kt-inside-inner-col{background-color:rgba(241,192,22,0.8);background-image:none;}.kadence-column3852_088749-6c > .kt-inside-inner-col:before{opacity:0.3;}.kadence-column3852_088749-6c{text-align:center;}.kadence-column3852_088749-6c, .kadence-column3852_088749-6c h1, .kadence-column3852_088749-6c h2, .kadence-column3852_088749-6c h3, .kadence-column3852_088749-6c h4, .kadence-column3852_088749-6c h5, .kadence-column3852_088749-6c h6{color:#030507;}.kadence-column3852_088749-6c:hover, .kadence-column3852_088749-6c:hover h1, .kadence-column3852_088749-6c:hover h2, .kadence-column3852_088749-6c:hover h3, .kadence-column3852_088749-6c:hover h4, .kadence-column3852_088749-6c:hover h5, .kadence-column3852_088749-6c:hover h6{color:#030507;}.kadence-column3852_088749-6c:hover a:hover{color:#030507;}.kadence-column3852_088749-6c{position:relative;}.kadence-column3852_088749-6c, .kt-inside-inner-col > .kadence-column3852_088749-6c:not(.specificity){margin-top:1%;margin-right:1%;margin-bottom:1%;margin-left:1%;}@media all and (max-width: 1024px){.kt-row-column-wrap > .kadence-column3852_088749-6c{align-self:center;}}@media all and (max-width: 1024px){.kt-inner-column-height-full:not(.kt-has-1-columns) > .wp-block-kadence-column.kadence-column3852_088749-6c{align-self:auto;}}@media all and (max-width: 1024px){.kt-inner-column-height-full:not(.kt-has-1-columns) > .wp-block-kadence-column.kadence-column3852_088749-6c > .kt-inside-inner-col{flex-direction:column;justify-content:center;}}@media all and (max-width: 1024px){.kadence-column3852_088749-6c > .kt-inside-inner-col{flex-direction:column;justify-content:center;align-items:center;}}@media all and (max-width: 767px){.kt-row-column-wrap > .kadence-column3852_088749-6c{align-self:center;}.kt-inner-column-height-full:not(.kt-has-1-columns) > .wp-block-kadence-column.kadence-column3852_088749-6c{align-self:auto;}.kt-inner-column-height-full:not(.kt-has-1-columns) > .wp-block-kadence-column.kadence-column3852_088749-6c > .kt-inside-inner-col{flex-direction:column;justify-content:center;}.kadence-column3852_088749-6c > .kt-inside-inner-col{flex-direction:column;justify-content:center;align-items:center;}}.kadence-column3852_088749-6c {}<\/style>\n<div class=\"wp-block-kadence-column kadence-column3852_088749-6c kb-section-has-link kb-section-dir-vertical\"><div class=\"kt-inside-inner-col\"><style>.wp-block-kadence-advancedheading.kt-adv-heading3852_bb698f-44, .wp-block-kadence-advancedheading.kt-adv-heading3852_bb698f-44[data-kb-block=\"kb-adv-heading3852_bb698f-44\"]{text-align:center;font-size:30px;font-weight:700;font-style:normal;font-family:'Amatic SC';border-top-left-radius:10%;border-top-right-radius:10%;border-bottom-right-radius:10%;border-bottom-left-radius:10%;}.wp-block-kadence-advancedheading.kt-adv-heading3852_bb698f-44 mark.kt-highlight, .wp-block-kadence-advancedheading.kt-adv-heading3852_bb698f-44[data-kb-block=\"kb-adv-heading3852_bb698f-44\"] mark.kt-highlight{font-style:normal;color:#030507;-webkit-box-decoration-break:clone;box-decoration-break:clone;padding-top:0px;padding-right:0px;padding-bottom:0px;padding-left:0px;}.wp-block-kadence-advancedheading.kt-adv-heading3852_bb698f-44 img.kb-inline-image, .wp-block-kadence-advancedheading.kt-adv-heading3852_bb698f-44[data-kb-block=\"kb-adv-heading3852_bb698f-44\"] img.kb-inline-image{width:150px;vertical-align:baseline;}<\/style>\n<div class=\"kt-adv-heading3852_bb698f-44 wp-block-kadence-advancedheading has-palette-2-color has-text-color\" data-kb-block=\"kb-adv-heading3852_bb698f-44\">les conf\u00e9rences gesticul\u00e9es<\/div>\n<\/div><a href=\"https:\/\/l-etincelle.fr\/index.php\/accueillir-des-confs-ou-jouer-la-votre-a-lille\/\" class=\"kb-section-link-overlay\"><\/a><\/div>\n\n\n<style>.kadence-column3852_0fc648-c9 > .kt-inside-inner-col{display:flex;}.kadence-column3852_0fc648-c9, .wp-block-kadence-column.kb-section-dir-horizontal > .kt-inside-inner-col > .kadence-column3852_0fc648-c9{flex-grow:15;}.kadence-column3852_0fc648-c9 > .kt-inside-inner-col{height:100%;}.kadence-column3852_0fc648-c9 > .kt-inside-inner-col{padding-top:var(--global-kb-spacing-md, 2rem);padding-right:var(--global-kb-spacing-md, 2rem);padding-bottom:var(--global-kb-spacing-md, 2rem);padding-left:var(--global-kb-spacing-md, 2rem);}.kadence-column3852_0fc648-c9 > .kt-inside-inner-col{min-height:15px;}.kadence-column3852_0fc648-c9 > .kt-inside-inner-col,.kadence-column3852_0fc648-c9 > .kt-inside-inner-col:before{border-top-left-radius:20px;border-top-right-radius:20px;border-bottom-right-radius:20px;border-bottom-left-radius:20px;}.kadence-column3852_0fc648-c9 > .kt-inside-inner-col{column-gap:var(--global-kb-gap-sm, 1rem);}.kadence-column3852_0fc648-c9 > .kt-inside-inner-col{flex-direction:column;justify-content:center;align-items:center;}.kadence-column3852_0fc648-c9 > .kt-inside-inner-col > .kb-image-is-ratio-size{align-self:stretch;}.kadence-column3852_0fc648-c9 > .kt-inside-inner-col > .wp-block-kadence-advancedgallery{align-self:stretch;}.kadence-column3852_0fc648-c9 > .kt-inside-inner-col > .aligncenter{width:100%;}.kt-row-column-wrap > .kadence-column3852_0fc648-c9{align-self:center;}.kt-inner-column-height-full:not(.kt-has-1-columns) > .wp-block-kadence-column.kadence-column3852_0fc648-c9{align-self:auto;}.kt-inner-column-height-full:not(.kt-has-1-columns) > .wp-block-kadence-column.kadence-column3852_0fc648-c9 > .kt-inside-inner-col{flex-direction:column;justify-content:center;}.kadence-column3852_0fc648-c9 > .kt-inside-inner-col{background-color:#f45d39;}.kadence-column3852_0fc648-c9:hover > .kt-inside-inner-col{background-color:rgba(244,93,57,0.76);background-image:none;}.kadence-column3852_0fc648-c9 > .kt-inside-inner-col:before{opacity:0.3;}.kadence-column3852_0fc648-c9{text-align:center;}.kadence-column3852_0fc648-c9, .kadence-column3852_0fc648-c9 h1, .kadence-column3852_0fc648-c9 h2, .kadence-column3852_0fc648-c9 h3, .kadence-column3852_0fc648-c9 h4, .kadence-column3852_0fc648-c9 h5, .kadence-column3852_0fc648-c9 h6{color:#030507;}.kadence-column3852_0fc648-c9:hover, .kadence-column3852_0fc648-c9:hover h1, .kadence-column3852_0fc648-c9:hover h2, .kadence-column3852_0fc648-c9:hover h3, .kadence-column3852_0fc648-c9:hover h4, .kadence-column3852_0fc648-c9:hover h5, .kadence-column3852_0fc648-c9:hover h6{color:#030507;}.kadence-column3852_0fc648-c9:hover a:hover{color:#030507;}.kadence-column3852_0fc648-c9{position:relative;}.kadence-column3852_0fc648-c9, .kt-inside-inner-col > .kadence-column3852_0fc648-c9:not(.specificity){margin-top:1%;margin-right:1%;margin-bottom:1%;margin-left:1%;}@media all and (max-width: 1024px){.kt-row-column-wrap > .kadence-column3852_0fc648-c9{align-self:center;}}@media all and (max-width: 1024px){.kt-inner-column-height-full:not(.kt-has-1-columns) > .wp-block-kadence-column.kadence-column3852_0fc648-c9{align-self:auto;}}@media all and (max-width: 1024px){.kt-inner-column-height-full:not(.kt-has-1-columns) > .wp-block-kadence-column.kadence-column3852_0fc648-c9 > .kt-inside-inner-col{flex-direction:column;justify-content:center;}}@media all and (max-width: 1024px){.kadence-column3852_0fc648-c9 > .kt-inside-inner-col{flex-direction:column;justify-content:center;align-items:center;}}@media all and (max-width: 767px){.kt-row-column-wrap > .kadence-column3852_0fc648-c9{align-self:center;}.kt-inner-column-height-full:not(.kt-has-1-columns) > .wp-block-kadence-column.kadence-column3852_0fc648-c9{align-self:auto;}.kt-inner-column-height-full:not(.kt-has-1-columns) > .wp-block-kadence-column.kadence-column3852_0fc648-c9 > .kt-inside-inner-col{flex-direction:column;justify-content:center;}.kadence-column3852_0fc648-c9 > .kt-inside-inner-col{flex-direction:column;justify-content:center;align-items:center;}}.kadence-column3852_0fc648-c9 {}<\/style>\n<div class=\"wp-block-kadence-column kadence-column3852_0fc648-c9 kb-section-has-link kb-section-dir-vertical\"><div class=\"kt-inside-inner-col\"><style>.wp-block-kadence-advancedheading.kt-adv-heading3852_062b5f-d8, .wp-block-kadence-advancedheading.kt-adv-heading3852_062b5f-d8[data-kb-block=\"kb-adv-heading3852_062b5f-d8\"]{text-align:center;font-size:30px;font-weight:700;font-style:normal;font-family:'Amatic SC';border-top-left-radius:10%;border-top-right-radius:10%;border-bottom-right-radius:10%;border-bottom-left-radius:10%;}.wp-block-kadence-advancedheading.kt-adv-heading3852_062b5f-d8 mark.kt-highlight, .wp-block-kadence-advancedheading.kt-adv-heading3852_062b5f-d8[data-kb-block=\"kb-adv-heading3852_062b5f-d8\"] mark.kt-highlight{font-style:normal;color:#030507;-webkit-box-decoration-break:clone;box-decoration-break:clone;padding-top:0px;padding-right:0px;padding-bottom:0px;padding-left:0px;}.wp-block-kadence-advancedheading.kt-adv-heading3852_062b5f-d8 img.kb-inline-image, .wp-block-kadence-advancedheading.kt-adv-heading3852_062b5f-d8[data-kb-block=\"kb-adv-heading3852_062b5f-d8\"] img.kb-inline-image{width:150px;vertical-align:baseline;}<\/style>\n<div class=\"kt-adv-heading3852_062b5f-d8 selector { border-block-width: 90px; height: 100px; } wp-block-kadence-advancedheading has-palette-2-color has-text-color\" data-kb-block=\"kb-adv-heading3852_062b5f-d8\">Nos ateliers <\/div>\n<\/div><a href=\"https:\/\/l-etincelle.fr\/index.php\/voir-des-conferences-gesticulees\/\" class=\"kb-section-link-overlay\"><\/a><\/div>\n\n\n<style>.kadence-column3852_0aacf9-b8 > .kt-inside-inner-col{display:flex;}.kadence-column3852_0aacf9-b8, .wp-block-kadence-column.kb-section-dir-horizontal > .kt-inside-inner-col > .kadence-column3852_0aacf9-b8{flex-grow:15;}.kadence-column3852_0aacf9-b8 > .kt-inside-inner-col{height:100%;}.kadence-column3852_0aacf9-b8 > .kt-inside-inner-col{padding-top:var(--global-kb-spacing-md, 2rem);padding-right:var(--global-kb-spacing-md, 2rem);padding-bottom:var(--global-kb-spacing-md, 2rem);padding-left:var(--global-kb-spacing-md, 2rem);}.kadence-column3852_0aacf9-b8 > .kt-inside-inner-col{min-height:15px;}.kadence-column3852_0aacf9-b8 > .kt-inside-inner-col,.kadence-column3852_0aacf9-b8 > .kt-inside-inner-col:before{border-top-left-radius:20px;border-top-right-radius:20px;border-bottom-right-radius:20px;border-bottom-left-radius:20px;}.kadence-column3852_0aacf9-b8 > .kt-inside-inner-col{column-gap:var(--global-kb-gap-sm, 1rem);}.kadence-column3852_0aacf9-b8 > .kt-inside-inner-col{flex-direction:column;justify-content:center;align-items:center;}.kadence-column3852_0aacf9-b8 > .kt-inside-inner-col > .kb-image-is-ratio-size{align-self:stretch;}.kadence-column3852_0aacf9-b8 > .kt-inside-inner-col > .wp-block-kadence-advancedgallery{align-self:stretch;}.kadence-column3852_0aacf9-b8 > .kt-inside-inner-col > .aligncenter{width:100%;}.kt-row-column-wrap > .kadence-column3852_0aacf9-b8{align-self:center;}.kt-inner-column-height-full:not(.kt-has-1-columns) > .wp-block-kadence-column.kadence-column3852_0aacf9-b8{align-self:auto;}.kt-inner-column-height-full:not(.kt-has-1-columns) > .wp-block-kadence-column.kadence-column3852_0aacf9-b8 > .kt-inside-inner-col{flex-direction:column;justify-content:center;}.kadence-column3852_0aacf9-b8 > .kt-inside-inner-col{background-color:#00b356;}.kadence-column3852_0aacf9-b8:hover > .kt-inside-inner-col{background-color:rgba(0,179,86,0.87);background-image:none;}.kadence-column3852_0aacf9-b8 > .kt-inside-inner-col:before{opacity:0.3;}.kadence-column3852_0aacf9-b8{text-align:center;}.kadence-column3852_0aacf9-b8, .kadence-column3852_0aacf9-b8 h1, .kadence-column3852_0aacf9-b8 h2, .kadence-column3852_0aacf9-b8 h3, .kadence-column3852_0aacf9-b8 h4, .kadence-column3852_0aacf9-b8 h5, .kadence-column3852_0aacf9-b8 h6{color:#030507;}.kadence-column3852_0aacf9-b8:hover, .kadence-column3852_0aacf9-b8:hover h1, .kadence-column3852_0aacf9-b8:hover h2, .kadence-column3852_0aacf9-b8:hover h3, .kadence-column3852_0aacf9-b8:hover h4, .kadence-column3852_0aacf9-b8:hover h5, .kadence-column3852_0aacf9-b8:hover h6{color:#030507;}.kadence-column3852_0aacf9-b8:hover a:hover{color:#030507;}.kadence-column3852_0aacf9-b8{position:relative;}.kadence-column3852_0aacf9-b8, .kt-inside-inner-col > .kadence-column3852_0aacf9-b8:not(.specificity){margin-top:1%;margin-right:1%;margin-bottom:1%;margin-left:1%;}@media all and (max-width: 1024px){.kt-row-column-wrap > .kadence-column3852_0aacf9-b8{align-self:center;}}@media all and (max-width: 1024px){.kt-inner-column-height-full:not(.kt-has-1-columns) > .wp-block-kadence-column.kadence-column3852_0aacf9-b8{align-self:auto;}}@media all and (max-width: 1024px){.kt-inner-column-height-full:not(.kt-has-1-columns) > .wp-block-kadence-column.kadence-column3852_0aacf9-b8 > .kt-inside-inner-col{flex-direction:column;justify-content:center;}}@media all and (max-width: 1024px){.kadence-column3852_0aacf9-b8 > .kt-inside-inner-col{flex-direction:column;justify-content:center;align-items:center;}}@media all and (max-width: 767px){.kt-row-column-wrap > .kadence-column3852_0aacf9-b8{align-self:center;}.kt-inner-column-height-full:not(.kt-has-1-columns) > .wp-block-kadence-column.kadence-column3852_0aacf9-b8{align-self:auto;}.kt-inner-column-height-full:not(.kt-has-1-columns) > .wp-block-kadence-column.kadence-column3852_0aacf9-b8 > .kt-inside-inner-col{flex-direction:column;justify-content:center;}.kadence-column3852_0aacf9-b8 > .kt-inside-inner-col{flex-direction:column;justify-content:center;align-items:center;}}.kadence-column3852_0aacf9-b8 {}<\/style>\n<div class=\"wp-block-kadence-column kadence-column3852_0aacf9-b8 kb-section-has-link kb-section-dir-vertical\"><div class=\"kt-inside-inner-col\"><style>.wp-block-kadence-advancedheading.kt-adv-heading3852_f0d6f1-9b, .wp-block-kadence-advancedheading.kt-adv-heading3852_f0d6f1-9b[data-kb-block=\"kb-adv-heading3852_f0d6f1-9b\"]{text-align:center;font-size:30px;font-weight:700;font-style:normal;font-family:'Amatic SC';border-top-left-radius:10%;border-top-right-radius:10%;border-bottom-right-radius:10%;border-bottom-left-radius:10%;}.wp-block-kadence-advancedheading.kt-adv-heading3852_f0d6f1-9b mark.kt-highlight, .wp-block-kadence-advancedheading.kt-adv-heading3852_f0d6f1-9b[data-kb-block=\"kb-adv-heading3852_f0d6f1-9b\"] mark.kt-highlight{font-style:normal;color:#030507;-webkit-box-decoration-break:clone;box-decoration-break:clone;padding-top:0px;padding-right:0px;padding-bottom:0px;padding-left:0px;}.wp-block-kadence-advancedheading.kt-adv-heading3852_f0d6f1-9b img.kb-inline-image, .wp-block-kadence-advancedheading.kt-adv-heading3852_f0d6f1-9b[data-kb-block=\"kb-adv-heading3852_f0d6f1-9b\"] img.kb-inline-image{width:150px;vertical-align:baseline;}<\/style>\n<div class=\"kt-adv-heading3852_f0d6f1-9b selector { border-block-width: 90px; height: 100px; } wp-block-kadence-advancedheading has-palette-2-color has-text-color\" data-kb-block=\"kb-adv-heading3852_f0d6f1-9b\">nous contacter<\/div>\n<\/div><a href=\"https:\/\/l-etincelle.fr\/index.php\/nous-contacter\/\" class=\"kb-section-link-overlay\"><\/a><\/div>\n\n<\/div><\/div>","protected":false},"excerpt":{"rendered":"<div class=\"entry-summary\">\nLes Artisan\u00b7es de l\u2019Etincelle, c\u2019est une compagnie de spectacle vivant qui produit et diffuse des conf\u00e9rences gesticul\u00e9es.Et c\u2019est aussi un collectif d\u2019\u00e9ducation populaire politique qui bouillonne d\u2019envies, de propositions d\u2019ateliers, d\u2019activit\u00e9s, d\u2019actions&hellip;\n<\/div>\n<div class=\"link-more-container\"><a href=\"https:\/\/l-etincelle.fr\/index.php\/les-artisan%c2%b7es-de-letincelle\/\" class=\"link-more\" aria-label=\"Continue reading Les Artisan\u00b7es de l&rsquo;Etincelle\">Continue reading&hellip;<\/a><\/div>\n","protected":false},"author":14,"featured_media":0,"parent":0,"menu_order":0,"comment_status":"closed","ping_status":"closed","template":"","meta":{"footnotes":""},"class_list":["post-3852","page","type-page","status-publish","hentry","entry","entry-type-page"],"_links":{"self":[{"href":"https:\/\/l-etincelle.fr\/index.php\/wp-json\/wp\/v2\/pages\/3852","targetHints":{"allow":["GET"]}}],"collection":[{"href":"https:\/\/l-etincelle.fr\/index.php\/wp-json\/wp\/v2\/pages"}],"about":[{"href":"https:\/\/l-etincelle.fr\/index.php\/wp-json\/wp\/v2\/types\/page"}],"author":[{"embeddable":true,"href":"https:\/\/l-etincelle.fr\/index.php\/wp-json\/wp\/v2\/users\/14"}],"replies":[{"embeddable":true,"href":"https:\/\/l-etincelle.fr\/index.php\/wp-json\/wp\/v2\/comments?post=3852"}],"version-history":[{"count":16,"href":"https:\/\/l-etincelle.fr\/index.php\/wp-json\/wp\/v2\/pages\/3852\/revisions"}],"predecessor-version":[{"id":5300,"href":"https:\/\/l-etincelle.fr\/index.php\/wp-json\/wp\/v2\/pages\/3852\/revisions\/5300"}],"wp:attachment":[{"href":"https:\/\/l-etincelle.fr\/index.php\/wp-json\/wp\/v2\/media?parent=3852"}],"curies":[{"name":"wp","href":"https:\/\/api.w.org\/{rel}","templated":true}]}}